{"id":6856,"date":"2022-02-03T11:42:38","date_gmt":"2022-02-03T10:42:38","guid":{"rendered":"https:\/\/sfb1324.de\/?page_id=6856"},"modified":"2022-02-07T18:51:04","modified_gmt":"2022-02-07T17:51:04","slug":"impressum","status":"publish","type":"page","link":"https:\/\/sfb1324.de\/de\/impressum\/","title":{"rendered":"Impressum"},"content":{"rendered":"\t\t<div data-elementor-type=\"wp-page\" data-elementor-id=\"6856\" class=\"elementor elementor-6856\" data-elementor-post-type=\"page\">\n\t\t\t\t\t\t<section class=\"elementor-section elementor-top-section elementor-element elementor-element-51af312b elementor-section-boxed elementor-section-height-default elementor-section-height-default\" data-id=\"51af312b\" data-element_type=\"section\" data-e-type=\"section\">\n\t\t\t\t\t\t<div class=\"elementor-container elementor-column-gap-default\">\n\t\t\t\t\t<div class=\"elementor-column elementor-col-100 elementor-top-column elementor-element elementor-element-55e8b7f7\" data-id=\"55e8b7f7\" data-element_type=\"column\" data-e-type=\"column\">\n\t\t\t<div class=\"elementor-widget-wrap elementor-element-populated\">\n\t\t\t\t\t\t<div class=\"elementor-element elementor-element-4c18f809 elementor-widget elementor-widget-text-editor\" data-id=\"4c18f809\" data-element_type=\"widget\" data-e-type=\"widget\" data-widget_type=\"text-editor.default\">\n\t\t\t\t<div class=\"elementor-widget-container\">\n\t\t\t\t\t\t\t\t\t<p><\/p>\n<p><\/p>\n<p><\/p>\n<h3 class=\"wp-block-heading\" id=\"angaben-gemass-5-tmg\">Angaben gem\u00e4\u00df \u00a7 5 TMG<\/h3>\n<p><\/p>\n<p><\/p>\n<p class=\"wp-block-paragraph\">Sonderforschungsbereich 1324<br \/>Heidelberg University<br \/>Centre for Organismal Studies (COS)<br \/>Im Neuenheimer Feld 230<br \/>D-69120 Heidelberg<\/p>\n<p>Phone: +49 6221 545679<br \/>Fax: +49 6221 545678<\/p>\n<p><\/p>\n<p><\/p>\n<p class=\"wp-block-paragraph\"><strong>Vertreten durch:<\/strong><br \/>Sprecher des SFB 1324<br \/>Prof. Dr. Michael Boutros<br \/>Heidelberg University<br \/>Department of Cell and Molecular biology \/ MEDMA &amp; DKFZ<br \/>BioQuant &#8211; Center for Quantitative Analysis of Molecular and Cellular Biosystems<br \/>Im Neuenheimer Feld 267<br \/>D-69120 Heidelberg<br \/><br \/><\/p>\n<p><\/p>\n<p><\/p>\n<h3 class=\"wp-block-heading\" id=\"kontakt\">Kontakt<\/h3>\n<p><\/p>\n<p><\/p>\n<p class=\"wp-block-paragraph\">E-Mail: sfb1324@uni-heidelberg.de<\/p>\n<p><\/p>\n<p><\/p>\n<h3 class=\"wp-block-heading\" id=\"umsatzsteuer-id\">Umsatzsteuer-ID<\/h3>\n<p><\/p>\n<p><\/p>\n<p class=\"wp-block-paragraph\">Umsatzsteuer-Identifikationsnummer gem\u00e4\u00df \u00a7 27 a Umsatzsteuergesetz:<br \/>DE 811225433<\/p>\n<p><\/p>\n<p><\/p>\n<h3 class=\"wp-block-heading\" id=\"redaktionell-verantwortlich\">Redaktionell verantwortlich<\/h3>\n<p><\/p>\n<p><\/p>\n<p class=\"wp-block-paragraph\">Dr. Dominique Kranz<\/p>\n<p><\/p>\n<p><\/p>\n<p class=\"wp-block-paragraph\">Die Universit\u00e4t Heidelberg ist eine K\u00f6rperschaft des \u00f6ffentlichen Rechts und wird gesetzlich vertreten durch den Rektor der Universit\u00e4t Bernhard Eitel.<\/p>\n<p><\/p>\n<p><\/p>\n<h3 class=\"wp-block-heading\" id=\"design-entwicklung\">Design &amp; Entwicklung<\/h3>\n<p><\/p>\n<p><\/p>\n<p class=\"wp-block-paragraph\">ABART Digital<br \/>Langer Anger 7-9<br \/>69115 Heidelberg<br \/>06221 3216880<br \/><a href=\"https:\/\/www.abart-digital.com\" target=\"_blank\" rel=\"noreferrer noopener\" data-type=\"URL\" data-id=\"https:\/\/www.abart-digital.com\">www.abart-digital.com<\/a><\/p>\n<p><\/p>\t\t\t\t\t\t\t\t<\/div>\n\t\t\t\t<\/div>\n\t\t\t\t\t<\/div>\n\t\t<\/div>\n\t\t\t\t\t<\/div>\n\t\t<\/section>\n\t\t\t\t<\/div>\n\t\t","protected":false},"excerpt":{"rendered":"<p>Angaben gem\u00e4\u00df \u00a7 5 TMG Sonderforschungsbereich 1324Heidelberg UniversityCentre for Organismal Studies (COS)Im Neuenheimer Feld 230D-69120 Heidelberg Phone: +49 6221 545679Fax: +49 6221 545678 Vertreten durch:Sprecher des SFB 1324Prof. Dr. Michael BoutrosHeidelberg UniversityDepartment of Cell and Molecular biology \/ MEDMA &amp; DKFZBioQuant &#8211; Center for Quantitative Analysis of Molecular and Cellular BiosystemsIm Neuenheimer Feld 267D-69120 Heidelberg &hellip; <a href=\"https:\/\/sfb1324.de\/de\/impressum\/\">Weiterlesen<\/a><\/p>\n","protected":false},"author":210054369,"featured_media":0,"parent":0,"menu_order":0,"comment_status":"closed","ping_status":"closed","template":"","meta":{"_acf_changed":false,"_coblocks_attr":"","_coblocks_dimensions":"","_coblocks_responsive_height":"","_coblocks_accordion_ie_support":"","_crdt_document":"","footnotes":""},"class_list":["post-6856","page","type-page","status-publish","hentry"],"acf":[],"yoast_head":"<!-- This site is optimized with the Yoast SEO plugin v27.6 - https:\/\/yoast.com\/product\/yoast-seo-wordpress\/ -->\n<title>Impressum - SFB1324<\/title>\n<meta name=\"robots\" content=\"index, follow, max-snippet:-1, max-image-preview:large, max-video-preview:-1\" \/>\n<link rel=\"canonical\" href=\"https:\/\/sfb1324.de\/de\/impressum\/\" \/>\n<meta property=\"og:locale\" content=\"de_DE\" \/>\n<meta property=\"og:type\" content=\"article\" \/>\n<meta property=\"og:title\" content=\"Impressum - SFB1324\" \/>\n<meta property=\"og:description\" content=\"Angaben gem\u00e4\u00df \u00a7 5 TMG Sonderforschungsbereich 1324Heidelberg UniversityCentre for Organismal Studies (COS)Im Neuenheimer Feld 230D-69120 Heidelberg Phone: +49 6221 545679Fax: +49 6221 545678 Vertreten durch:Sprecher des SFB 1324Prof. Dr. Michael BoutrosHeidelberg UniversityDepartment of Cell and Molecular biology \/ MEDMA &amp; DKFZBioQuant &#8211; Center for Quantitative Analysis of Molecular and Cellular BiosystemsIm Neuenheimer Feld 267D-69120 Heidelberg &hellip; Weiterlesen\" \/>\n<meta property=\"og:url\" content=\"https:\/\/sfb1324.de\/de\/impressum\/\" \/>\n<meta property=\"og:site_name\" content=\"SFB1324\" \/>\n<meta property=\"article:modified_time\" content=\"2022-02-07T17:51:04+00:00\" \/>\n<meta name=\"twitter:card\" content=\"summary_large_image\" \/>\n<script type=\"application\/ld+json\" class=\"yoast-schema-graph\">{\"@context\":\"https:\\\/\\\/schema.org\",\"@graph\":[{\"@type\":\"WebPage\",\"@id\":\"https:\\\/\\\/sfb1324.de\\\/de\\\/impressum\\\/\",\"url\":\"https:\\\/\\\/sfb1324.de\\\/de\\\/impressum\\\/\",\"name\":\"Impressum - SFB1324\",\"isPartOf\":{\"@id\":\"https:\\\/\\\/sfb1324.de\\\/#website\"},\"datePublished\":\"2022-02-03T10:42:38+00:00\",\"dateModified\":\"2022-02-07T17:51:04+00:00\",\"breadcrumb\":{\"@id\":\"https:\\\/\\\/sfb1324.de\\\/de\\\/impressum\\\/#breadcrumb\"},\"inLanguage\":\"de\",\"potentialAction\":[{\"@type\":\"ReadAction\",\"target\":[\"https:\\\/\\\/sfb1324.de\\\/de\\\/impressum\\\/\"]}]},{\"@type\":\"BreadcrumbList\",\"@id\":\"https:\\\/\\\/sfb1324.de\\\/de\\\/impressum\\\/#breadcrumb\",\"itemListElement\":[{\"@type\":\"ListItem\",\"position\":1,\"name\":\"Home\",\"item\":\"https:\\\/\\\/sfb1324.de\\\/de\\\/\"},{\"@type\":\"ListItem\",\"position\":2,\"name\":\"Impressum\"}]},{\"@type\":\"WebSite\",\"@id\":\"https:\\\/\\\/sfb1324.de\\\/#website\",\"url\":\"https:\\\/\\\/sfb1324.de\\\/\",\"name\":\"SFB1324\",\"description\":\"Mechanisms and functions of Wnt signaling\",\"publisher\":{\"@id\":\"https:\\\/\\\/sfb1324.de\\\/#organization\"},\"potentialAction\":[{\"@type\":\"SearchAction\",\"target\":{\"@type\":\"EntryPoint\",\"urlTemplate\":\"https:\\\/\\\/sfb1324.de\\\/?s={search_term_string}\"},\"query-input\":{\"@type\":\"PropertyValueSpecification\",\"valueRequired\":true,\"valueName\":\"search_term_string\"}}],\"inLanguage\":\"de\"},{\"@type\":\"Organization\",\"@id\":\"https:\\\/\\\/sfb1324.de\\\/#organization\",\"name\":\"SFB1324\",\"url\":\"https:\\\/\\\/sfb1324.de\\\/\",\"logo\":{\"@type\":\"ImageObject\",\"inLanguage\":\"de\",\"@id\":\"https:\\\/\\\/sfb1324.de\\\/#\\\/schema\\\/logo\\\/image\\\/\",\"url\":\"\",\"contentUrl\":\"\",\"caption\":\"SFB1324\"},\"image\":{\"@id\":\"https:\\\/\\\/sfb1324.de\\\/#\\\/schema\\\/logo\\\/image\\\/\"}}]}<\/script>\n<!-- \/ Yoast SEO plugin. -->","yoast_head_json":{"title":"Impressum - SFB1324","robots":{"index":"index","follow":"follow","max-snippet":"max-snippet:-1","max-image-preview":"max-image-preview:large","max-video-preview":"max-video-preview:-1"},"canonical":"https:\/\/sfb1324.de\/de\/impressum\/","og_locale":"de_DE","og_type":"article","og_title":"Impressum - SFB1324","og_description":"Angaben gem\u00e4\u00df \u00a7 5 TMG Sonderforschungsbereich 1324Heidelberg UniversityCentre for Organismal Studies (COS)Im Neuenheimer Feld 230D-69120 Heidelberg Phone: +49 6221 545679Fax: +49 6221 545678 Vertreten durch:Sprecher des SFB 1324Prof. Dr. Michael BoutrosHeidelberg UniversityDepartment of Cell and Molecular biology \/ MEDMA &amp; DKFZBioQuant &#8211; Center for Quantitative Analysis of Molecular and Cellular BiosystemsIm Neuenheimer Feld 267D-69120 Heidelberg &hellip; Weiterlesen","og_url":"https:\/\/sfb1324.de\/de\/impressum\/","og_site_name":"SFB1324","article_modified_time":"2022-02-07T17:51:04+00:00","twitter_card":"summary_large_image","schema":{"@context":"https:\/\/schema.org","@graph":[{"@type":"WebPage","@id":"https:\/\/sfb1324.de\/de\/impressum\/","url":"https:\/\/sfb1324.de\/de\/impressum\/","name":"Impressum - SFB1324","isPartOf":{"@id":"https:\/\/sfb1324.de\/#website"},"datePublished":"2022-02-03T10:42:38+00:00","dateModified":"2022-02-07T17:51:04+00:00","breadcrumb":{"@id":"https:\/\/sfb1324.de\/de\/impressum\/#breadcrumb"},"inLanguage":"de","potentialAction":[{"@type":"ReadAction","target":["https:\/\/sfb1324.de\/de\/impressum\/"]}]},{"@type":"BreadcrumbList","@id":"https:\/\/sfb1324.de\/de\/impressum\/#breadcrumb","itemListElement":[{"@type":"ListItem","position":1,"name":"Home","item":"https:\/\/sfb1324.de\/de\/"},{"@type":"ListItem","position":2,"name":"Impressum"}]},{"@type":"WebSite","@id":"https:\/\/sfb1324.de\/#website","url":"https:\/\/sfb1324.de\/","name":"SFB1324","description":"Mechanisms and functions of Wnt signaling","publisher":{"@id":"https:\/\/sfb1324.de\/#organization"},"potentialAction":[{"@type":"SearchAction","target":{"@type":"EntryPoint","urlTemplate":"https:\/\/sfb1324.de\/?s={search_term_string}"},"query-input":{"@type":"PropertyValueSpecification","valueRequired":true,"valueName":"search_term_string"}}],"inLanguage":"de"},{"@type":"Organization","@id":"https:\/\/sfb1324.de\/#organization","name":"SFB1324","url":"https:\/\/sfb1324.de\/","logo":{"@type":"ImageObject","inLanguage":"de","@id":"https:\/\/sfb1324.de\/#\/schema\/logo\/image\/","url":"","contentUrl":"","caption":"SFB1324"},"image":{"@id":"https:\/\/sfb1324.de\/#\/schema\/logo\/image\/"}}]}},"jetpack_likes_enabled":false,"jetpack_sharing_enabled":true,"jetpack_shortlink":"https:\/\/wp.me\/PdifUy-1MA","amp_enabled":true,"_links":{"self":[{"href":"https:\/\/sfb1324.de\/de\/wp-json\/wp\/v2\/pages\/6856","targetHints":{"allow":["GET"]}}],"collection":[{"href":"https:\/\/sfb1324.de\/de\/wp-json\/wp\/v2\/pages"}],"about":[{"href":"https:\/\/sfb1324.de\/de\/wp-json\/wp\/v2\/types\/page"}],"author":[{"embeddable":true,"href":"https:\/\/sfb1324.de\/de\/wp-json\/wp\/v2\/users\/210054369"}],"replies":[{"embeddable":true,"href":"https:\/\/sfb1324.de\/de\/wp-json\/wp\/v2\/comments?post=6856"}],"version-history":[{"count":16,"href":"https:\/\/sfb1324.de\/de\/wp-json\/wp\/v2\/pages\/6856\/revisions"}],"predecessor-version":[{"id":7682,"href":"https:\/\/sfb1324.de\/de\/wp-json\/wp\/v2\/pages\/6856\/revisions\/7682"}],"wp:attachment":[{"href":"https:\/\/sfb1324.de\/de\/wp-json\/wp\/v2\/media?parent=6856"}],"curies":[{"name":"wp","href":"https:\/\/api.w.org\/{rel}","templated":true}]}}